{"id":74,"date":"2020-03-20T13:52:18","date_gmt":"2020-03-20T12:52:18","guid":{"rendered":"http:\/\/sanitaercoach.be\/?page_id=74"},"modified":"2020-12-29T18:52:25","modified_gmt":"2020-12-29T17:52:25","slug":"heizung","status":"publish","type":"page","link":"https:\/\/sanitaercoach.be\/fr\/heizung\/","title":{"rendered":"Chauffage"},"content":{"rendered":"<div data-elementor-type=\"wp-page\" data-elementor-id=\"74\" class=\"elementor elementor-74\" data-elementor-settings=\"[]\">\n\t\t\t\t\t\t<div class=\"elementor-inner\">\n\t\t\t\t\t\t\t<div class=\"elementor-section-wrap\">\n\t\t\t\t\t\t\t<section class=\"elementor-section elementor-top-section elementor-element elementor-element-a7072c2 elementor-section-boxed elementor-section-height-default elementor-section-height-default\" data-id=\"a7072c2\" data-element_type=\"section\">\n\t\t\t\t\t\t<div class=\"elementor-container elementor-column-gap-default\">\n\t\t\t\t\t\t\t<div class=\"elementor-row\">\n\t\t\t\t\t<div class=\"elementor-column elementor-col-100 elementor-top-column elementor-element elementor-element-27a0345\" data-id=\"27a0345\" data-element_type=\"column\">\n\t\t\t<div class=\"elementor-column-wrap elementor-element-populated\">\n\t\t\t\t\t\t\t<div class=\"elementor-widget-wrap\">\n\t\t\t\t\t\t<div class=\"elementor-element elementor-element-4f12799 elementor-hidden-tablet elementor-widget elementor-widget-image\" data-id=\"4f12799\" data-element_type=\"widget\" data-widget_type=\"image.default\">\n\t\t\t\t<div class=\"elementor-widget-container\">\n\t\t\t\t\t<div class=\"elementor-image\">\n\t\t\t\t\t\t\t\t\t\t<img src=\"https:\/\/sanitaercoach.be\/wp-content\/uploads\/elementor\/thumbs\/radiator-250558_1920-on8mwvoer5n9y2wt6u0ozk8zo3x4jl77g8270046uw.jpg\" title=\"Chauffage\" alt=\"Heizung\" \/>\t\t\t\t\t\t\t\t\t\t\t<\/div>\n\t\t\t\t<\/div>\n\t\t\t\t<\/div>\n\t\t\t\t<div class=\"elementor-element elementor-element-a64bc17 elementor-hidden-tablet elementor-widget elementor-widget-heading\" data-id=\"a64bc17\" data-element_type=\"widget\" data-widget_type=\"heading.default\">\n\t\t\t\t<div class=\"elementor-widget-container\">\n\t\t\t<h2 class=\"elementor-heading-title elementor-size-default\">Chauffage<\/h2>\t\t<\/div>\n\t\t\t\t<\/div>\n\t\t\t\t\t\t<\/div>\n\t\t\t\t\t<\/div>\n\t\t<\/div>\n\t\t\t\t\t\t\t\t<\/div>\n\t\t\t\t\t<\/div>\n\t\t<\/section>\n\t\t\t\t<section class=\"elementor-section elementor-top-section elementor-element elementor-element-2f51e3b elementor-section-boxed elementor-section-height-default elementor-section-height-default\" data-id=\"2f51e3b\" data-element_type=\"section\">\n\t\t\t\t\t\t<div class=\"elementor-container elementor-column-gap-default\">\n\t\t\t\t\t\t\t<div class=\"elementor-row\">\n\t\t\t\t\t<div class=\"elementor-column elementor-col-100 elementor-top-column elementor-element elementor-element-c1d3609 elementor-hidden-tablet\" data-id=\"c1d3609\" data-element_type=\"column\" data-settings=\"{&quot;background_background&quot;:&quot;gradient&quot;}\">\n\t\t\t<div class=\"elementor-column-wrap elementor-element-populated\">\n\t\t\t\t\t\t\t<div class=\"elementor-widget-wrap\">\n\t\t\t\t\t\t<div class=\"elementor-element elementor-element-76c6e99 elementor-hidden-tablet elementor-widget elementor-widget-heading\" data-id=\"76c6e99\" data-element_type=\"widget\" data-widget_type=\"heading.default\">\n\t\t\t\t<div class=\"elementor-widget-container\">\n\t\t\t<h2 class=\"elementor-heading-title elementor-size-default\">Vous r\u00eavez d'une chaleur douce et homog\u00e8ne sans diff\u00e9rence de temp\u00e9rature? Nous vous conseillons.<\/h2>\t\t<\/div>\n\t\t\t\t<\/div>\n\t\t\t\t<div class=\"elementor-element elementor-element-87c96b3 elementor-hidden-tablet elementor-widget elementor-widget-image\" data-id=\"87c96b3\" data-element_type=\"widget\" data-widget_type=\"image.default\">\n\t\t\t\t<div class=\"elementor-widget-container\">\n\t\t\t\t\t<div class=\"elementor-image\">\n\t\t\t\t\t\t\t\t\t\t<img src=\"https:\/\/sanitaercoach.be\/wp-content\/uploads\/elementor\/thumbs\/project-4220974_1920-ondvo768hi3jqle77xebzvj0xzokwefmutqfo7wfss.jpg\" title=\"project-4220974_1920\" alt=\"project-4220974_1920\" \/>\t\t\t\t\t\t\t\t\t\t\t<\/div>\n\t\t\t\t<\/div>\n\t\t\t\t<\/div>\n\t\t\t\t<div class=\"elementor-element elementor-element-b2d895d elementor-widget elementor-widget-image\" data-id=\"b2d895d\" data-element_type=\"widget\" data-widget_type=\"image.default\">\n\t\t\t\t<div class=\"elementor-widget-container\">\n\t\t\t\t\t<div class=\"elementor-image\">\n\t\t\t\t\t\t\t\t\t\t<img src=\"https:\/\/sanitaercoach.be\/wp-content\/uploads\/elementor\/thumbs\/DSC00693-scaled-ondlhz9xr8rp9fqwj7s8982axhyp8urss6oe68x36u.jpg\" title=\"DSC00693\" alt=\"DSC00693\" \/>\t\t\t\t\t\t\t\t\t\t\t<\/div>\n\t\t\t\t<\/div>\n\t\t\t\t<\/div>\n\t\t\t\t<div class=\"elementor-element elementor-element-f03ca43 elementor-hidden-tablet elementor-widget elementor-widget-text-editor\" data-id=\"f03ca43\" data-element_type=\"widget\" data-widget_type=\"text-editor.default\">\n\t\t\t\t<div class=\"elementor-widget-container\">\n\t\t\t\t\t<div class=\"elementor-text-editor elementor-clearfix\"><h2><b style=\"font-size: 18px; font-style: inherit; color: #736f6f;\">&nbsp;<\/b><\/h2>\n<h2><span style=\"color: #ffffff;\"><span style=\"font-size: 18px;\"><b>&nbsp;<\/b><\/span><\/span><\/h2>\n<h2><span style=\"color: #ffffff;\"><span style=\"font-size: 18px;\"><b>D\u00e9pannage et Installation<\/b><\/span><\/span><\/h2>\n<p>Nous vous conseillons sur l'\u00e9quipement pour votre espace de vie,<br>votre b\u00e2timent ou votre entreprise. En cas d'urgence, nous r\u00e9agissons et<br>rapidement pour r\u00e9soudre votre probl\u00e8me.&nbsp;<\/p>\n<p><span style=\"font-size: 15px; background-color: transparent;\">Nous installons et rempla\u00e7ons des syst\u00e8mes de chauffage au gaz, des&nbsp;<\/span><\/p><\/div>\n\t\t\t\t<\/div>\n\t\t\t\t<\/div>\n\t\t\t\t<div class=\"elementor-element elementor-element-baba812 elementor-hidden-tablet elementor-widget elementor-widget-text-editor\" data-id=\"baba812\" data-element_type=\"widget\" data-widget_type=\"text-editor.default\">\n\t\t\t\t<div class=\"elementor-widget-container\">\n\t\t\t\t\t<div class=\"elementor-text-editor elementor-clearfix\"><h2><b style=\"font-size: 18px; font-style: inherit; color: #736f6f;\">&nbsp;<\/b><\/h2>\n<h2><b style=\"font-style: inherit; background-color: transparent; font-size: 18px; color: rgb(255, 255, 255);\">Contenu des conseils de chauffage<\/b><br><\/h2>\n<ul>\n<li>Les fonctions des diff\u00e9rentes technologies<\/li>\n<li>Les avantages et inconv\u00e9nients des diff\u00e9rents types de chauffage<\/li>\n<li>Les domaines d'application des \u00e9nergies renouvelables dans votre maison<\/li>\n<li>Potentiel d'optimisation des syst\u00e8mes existants dans votre b\u00e2timent<\/li>\n<\/ul><\/div>\n\t\t\t\t<\/div>\n\t\t\t\t<\/div>\n\t\t\t\t\t\t<\/div>\n\t\t\t\t\t<\/div>\n\t\t<\/div>\n\t\t\t\t\t\t\t\t<\/div>\n\t\t\t\t\t<\/div>\n\t\t<\/section>\n\t\t\t\t<section class=\"elementor-section elementor-top-section elementor-element elementor-element-ca37160 elementor-section-boxed elementor-section-height-default elementor-section-height-default\" data-id=\"ca37160\" data-element_type=\"section\">\n\t\t\t\t\t\t<div class=\"elementor-container elementor-column-gap-default\">\n\t\t\t\t\t\t\t<div class=\"elementor-row\">\n\t\t\t\t\t<div class=\"elementor-column elementor-col-100 elementor-top-column elementor-element elementor-element-e610dd9\" data-id=\"e610dd9\" data-element_type=\"column\">\n\t\t\t<div class=\"elementor-column-wrap elementor-element-populated\">\n\t\t\t\t\t\t\t<div class=\"elementor-widget-wrap\">\n\t\t\t\t\t\t<div class=\"elementor-element elementor-element-57401cf elementor-hidden-tablet elementor-widget elementor-widget-text-editor\" data-id=\"57401cf\" data-element_type=\"widget\" data-widget_type=\"text-editor.default\">\n\t\t\t\t<div class=\"elementor-widget-container\">\n\t\t\t\t\t<div class=\"elementor-text-editor elementor-clearfix\"><p>pompes \u00e0 chaleur, des chaudi\u00e8res au mazout, et chauffage de sol.<\/p><\/div>\n\t\t\t\t<\/div>\n\t\t\t\t<\/div>\n\t\t\t\t\t\t<\/div>\n\t\t\t\t\t<\/div>\n\t\t<\/div>\n\t\t\t\t\t\t\t\t<\/div>\n\t\t\t\t\t<\/div>\n\t\t<\/section>\n\t\t\t\t<section class=\"elementor-section elementor-top-section elementor-element elementor-element-eea7a20 elementor-section-boxed elementor-section-height-default elementor-section-height-default\" data-id=\"eea7a20\" data-element_type=\"section\">\n\t\t\t\t\t\t<div class=\"elementor-container elementor-column-gap-default\">\n\t\t\t\t\t\t\t<div class=\"elementor-row\">\n\t\t\t\t\t<div class=\"elementor-column elementor-col-100 elementor-top-column elementor-element elementor-element-e313d8c\" data-id=\"e313d8c\" data-element_type=\"column\">\n\t\t\t<div class=\"elementor-column-wrap elementor-element-populated\">\n\t\t\t\t\t\t\t<div class=\"elementor-widget-wrap\">\n\t\t\t\t\t\t<div class=\"elementor-element elementor-element-a44a135 elementor-widget elementor-widget-spacer\" data-id=\"a44a135\" data-element_type=\"widget\" data-widget_type=\"spacer.default\">\n\t\t\t\t<div class=\"elementor-widget-container\">\n\t\t\t\t\t<div class=\"elementor-spacer\">\n\t\t\t<div class=\"elementor-spacer-inner\"><\/div>\n\t\t<\/div>\n\t\t\t\t<\/div>\n\t\t\t\t<\/div>\n\t\t\t\t\t\t<\/div>\n\t\t\t\t\t<\/div>\n\t\t<\/div>\n\t\t\t\t\t\t\t\t<\/div>\n\t\t\t\t\t<\/div>\n\t\t<\/section>\n\t\t\t\t\t\t<\/div>\n\t\t\t\t\t\t<\/div>\n\t\t\t\t\t<\/div>","protected":false},"excerpt":{"rendered":"<p>Heizung Tr\u00e4umen sie von weicher, homogener W\u00e4rme ohne Temperaturunterschiede? Wir kommen zu Ihnen und beraten Sie. &nbsp; &nbsp; Fehlerbehebung und Installation Wir beraten sie bei der Ausr\u00fcstung die am besten f\u00fcr Ihren Wohnraum,Ihrem Geb\u00e4ude oder ihrem Unternehmen passt. Im Notfall reagierenwir schnell um ihr Problem zu l\u00f6sen.&nbsp; Wir Installieren und ersetzen Gasheizungen, W\u00e4rmepumpen, \u00d6lkessel,&nbsp; &nbsp; [&hellip;]<\/p>","protected":false},"author":1,"featured_media":0,"parent":0,"menu_order":0,"comment_status":"closed","ping_status":"closed","template":"","meta":[],"_links":{"self":[{"href":"https:\/\/sanitaercoach.be\/fr\/wp-json\/wp\/v2\/pages\/74"}],"collection":[{"href":"https:\/\/sanitaercoach.be\/fr\/wp-json\/wp\/v2\/pages"}],"about":[{"href":"https:\/\/sanitaercoach.be\/fr\/wp-json\/wp\/v2\/types\/page"}],"author":[{"embeddable":true,"href":"https:\/\/sanitaercoach.be\/fr\/wp-json\/wp\/v2\/users\/1"}],"replies":[{"embeddable":true,"href":"https:\/\/sanitaercoach.be\/fr\/wp-json\/wp\/v2\/comments?post=74"}],"version-history":[{"count":62,"href":"https:\/\/sanitaercoach.be\/fr\/wp-json\/wp\/v2\/pages\/74\/revisions"}],"predecessor-version":[{"id":1328,"href":"https:\/\/sanitaercoach.be\/fr\/wp-json\/wp\/v2\/pages\/74\/revisions\/1328"}],"wp:attachment":[{"href":"https:\/\/sanitaercoach.be\/fr\/wp-json\/wp\/v2\/media?parent=74"}],"curies":[{"name":"wp","href":"https:\/\/api.w.org\/{rel}","templated":true}]}}