{"id":75,"date":"2020-03-20T13:52:18","date_gmt":"2020-03-20T12:52:18","guid":{"rendered":"http:\/\/sanitaercoach.be\/?page_id=75"},"modified":"2021-01-09T20:05:47","modified_gmt":"2021-01-09T19:05:47","slug":"leistungen-2","status":"publish","type":"page","link":"https:\/\/sanitaercoach.be\/fr\/leistungen-2\/","title":{"rendered":"Services"},"content":{"rendered":"<div data-elementor-type=\"wp-page\" data-elementor-id=\"75\" class=\"elementor elementor-75\" data-elementor-settings=\"[]\">\n\t\t\t\t\t\t<div class=\"elementor-inner\">\n\t\t\t\t\t\t\t<div class=\"elementor-section-wrap\">\n\t\t\t\t\t\t\t<section class=\"elementor-section elementor-top-section elementor-element elementor-element-16a7a82 elementor-section-boxed elementor-section-height-default elementor-section-height-default\" data-id=\"16a7a82\" data-element_type=\"section\">\n\t\t\t\t\t\t<div class=\"elementor-container elementor-column-gap-default\">\n\t\t\t\t\t\t\t<div class=\"elementor-row\">\n\t\t\t\t\t<div class=\"elementor-column elementor-col-100 elementor-top-column elementor-element elementor-element-b7fc5ab\" data-id=\"b7fc5ab\" data-element_type=\"column\">\n\t\t\t<div class=\"elementor-column-wrap elementor-element-populated\">\n\t\t\t\t\t\t\t<div class=\"elementor-widget-wrap\">\n\t\t\t\t\t\t<div class=\"elementor-element elementor-element-ceceaed elementor-widget elementor-widget-image\" data-id=\"ceceaed\" data-element_type=\"widget\" data-widget_type=\"image.default\">\n\t\t\t\t<div class=\"elementor-widget-container\">\n\t\t\t\t\t<div class=\"elementor-image\">\n\t\t\t\t\t\t\t\t\t\t<img src=\"https:\/\/sanitaercoach.be\/wp-content\/uploads\/elementor\/thumbs\/wrench-717684_1920-ooe0fx7qcdjs4ig7a6t1yh2w1crnjdynln5fpup2ns.jpg\" title=\"wrench-717684_1920\" alt=\"wrench-717684_1920\" \/>\t\t\t\t\t\t\t\t\t\t\t<\/div>\n\t\t\t\t<\/div>\n\t\t\t\t<\/div>\n\t\t\t\t<div class=\"elementor-element elementor-element-facc7ab elementor-widget elementor-widget-heading\" data-id=\"facc7ab\" data-element_type=\"widget\" data-widget_type=\"heading.default\">\n\t\t\t\t<div class=\"elementor-widget-container\">\n\t\t\t<h2 class=\"elementor-heading-title elementor-size-default\">Services<\/h2>\t\t<\/div>\n\t\t\t\t<\/div>\n\t\t\t\t\t\t<\/div>\n\t\t\t\t\t<\/div>\n\t\t<\/div>\n\t\t\t\t\t\t\t\t<\/div>\n\t\t\t\t\t<\/div>\n\t\t<\/section>\n\t\t\t\t<section class=\"elementor-section elementor-top-section elementor-element elementor-element-798bd7c elementor-section-boxed elementor-section-height-default elementor-section-height-default\" data-id=\"798bd7c\" data-element_type=\"section\">\n\t\t\t\t\t\t<div class=\"elementor-container elementor-column-gap-default\">\n\t\t\t\t\t\t\t<div class=\"elementor-row\">\n\t\t\t\t\t<div class=\"elementor-column elementor-col-100 elementor-top-column elementor-element elementor-element-95fe003\" data-id=\"95fe003\" data-element_type=\"column\" data-settings=\"{&quot;background_background&quot;:&quot;gradient&quot;}\">\n\t\t\t<div class=\"elementor-column-wrap elementor-element-populated\">\n\t\t\t\t\t<div class=\"elementor-background-overlay\"><\/div>\n\t\t\t\t\t\t\t<div class=\"elementor-widget-wrap\">\n\t\t\t\t\t\t<div class=\"elementor-element elementor-element-57bf3bd elementor-widget elementor-widget-heading\" data-id=\"57bf3bd\" data-element_type=\"widget\" data-widget_type=\"heading.default\">\n\t\t\t\t<div class=\"elementor-widget-container\">\n\t\t\t<h2 class=\"elementor-heading-title elementor-size-default\">Folgende T\u00e4tigkeiten \u00fcben wir aus:<\/h2>\t\t<\/div>\n\t\t\t\t<\/div>\n\t\t\t\t\t\t<\/div>\n\t\t\t\t\t<\/div>\n\t\t<\/div>\n\t\t\t\t\t\t\t\t<\/div>\n\t\t\t\t\t<\/div>\n\t\t<\/section>\n\t\t\t\t<section class=\"elementor-section elementor-top-section elementor-element elementor-element-b50ebd0 elementor-section-boxed elementor-section-height-default elementor-section-height-default\" data-id=\"b50ebd0\" data-element_type=\"section\">\n\t\t\t\t\t\t<div class=\"elementor-container elementor-column-gap-default\">\n\t\t\t\t\t\t\t<div class=\"elementor-row\">\n\t\t\t\t\t<div class=\"elementor-column elementor-col-100 elementor-top-column elementor-element elementor-element-50a5005\" data-id=\"50a5005\" data-element_type=\"column\" data-settings=\"{&quot;background_background&quot;:&quot;classic&quot;}\">\n\t\t\t<div class=\"elementor-column-wrap elementor-element-populated\">\n\t\t\t\t\t\t\t<div class=\"elementor-widget-wrap\">\n\t\t\t\t\t\t<div class=\"elementor-element elementor-element-d638846 elementor-widget elementor-widget-text-editor\" data-id=\"d638846\" data-element_type=\"widget\" data-widget_type=\"text-editor.default\">\n\t\t\t\t<div class=\"elementor-widget-container\">\n\t\t\t\t\t<div class=\"elementor-text-editor elementor-clearfix\"><p><em>&#8211;<\/em><span style=\"text-decoration: underline;\"><strong>Jetzt Neu Solar &#8211; und Photovoltaikanalagen Reinigung<\/strong><\/span><\/p><p>-Montage Reparatur, Sanierung und Wartung von \u00d6l, Gas und Solaranlagen<\/p><p><span style=\"font-size: 14px;\">-Heizungswartung<\/span><\/p><p><span style=\"font-size: 14px; font-style: normal; font-weight: 600;\">-Moderniesierung von Heizungsanlagen<\/span><\/p><p><span style=\"font-size: 14px; font-style: normal; font-weight: 600;\">-Installation von W\u00e4rmepumpen<\/span><\/p><p>-Installation von Sanit\u00e4r-,Heizungs-,Solar- und Photovoltaikanlagen<\/p><p>-Badsanierung<\/p><\/div>\n\t\t\t\t<\/div>\n\t\t\t\t<\/div>\n\t\t\t\t<div class=\"elementor-element elementor-element-8e4a419 elementor-hidden-tablet elementor-widget elementor-widget-image\" data-id=\"8e4a419\" data-element_type=\"widget\" data-widget_type=\"image.default\">\n\t\t\t\t<div class=\"elementor-widget-container\">\n\t\t\t\t\t<div class=\"elementor-image\">\n\t\t\t\t\t\t\t\t\t\t<img src=\"https:\/\/sanitaercoach.be\/wp-content\/uploads\/elementor\/thumbs\/modern-minimalist-bathroom-3115450_1280-1-onhdqwn8sfaffphn27k5qqi7cisaq34l7r69mdxqiw.jpg\" title=\"modern-minimalist-bathroom-3115450_1280\" alt=\"modern-minimalist-bathroom-3115450_1280\" \/>\t\t\t\t\t\t\t\t\t\t\t<\/div>\n\t\t\t\t<\/div>\n\t\t\t\t<\/div>\n\t\t\t\t\t\t<\/div>\n\t\t\t\t\t<\/div>\n\t\t<\/div>\n\t\t\t\t\t\t\t\t<\/div>\n\t\t\t\t\t<\/div>\n\t\t<\/section>\n\t\t\t\t<section class=\"elementor-section elementor-top-section elementor-element elementor-element-1ae0ce6 elementor-section-boxed elementor-section-height-default elementor-section-height-default\" data-id=\"1ae0ce6\" data-element_type=\"section\">\n\t\t\t\t\t\t<div class=\"elementor-container elementor-column-gap-default\">\n\t\t\t\t\t\t\t<div class=\"elementor-row\">\n\t\t\t\t\t<div class=\"elementor-column elementor-col-100 elementor-top-column elementor-element elementor-element-39f6f12\" data-id=\"39f6f12\" data-element_type=\"column\" data-settings=\"{&quot;background_background&quot;:&quot;gradient&quot;}\">\n\t\t\t<div class=\"elementor-column-wrap\">\n\t\t\t\t\t\t\t<div class=\"elementor-widget-wrap\">\n\t\t\t\t\t\t\t\t<\/div>\n\t\t\t\t\t<\/div>\n\t\t<\/div>\n\t\t\t\t\t\t\t\t<\/div>\n\t\t\t\t\t<\/div>\n\t\t<\/section>\n\t\t\t\t<section class=\"elementor-section elementor-top-section elementor-element elementor-element-1d404b7 elementor-section-boxed elementor-section-height-default elementor-section-height-default\" data-id=\"1d404b7\" data-element_type=\"section\">\n\t\t\t\t\t\t<div class=\"elementor-container elementor-column-gap-default\">\n\t\t\t\t\t\t\t<div class=\"elementor-row\">\n\t\t\t\t\t<div class=\"elementor-column elementor-col-100 elementor-top-column elementor-element elementor-element-43ca86e\" data-id=\"43ca86e\" data-element_type=\"column\">\n\t\t\t<div class=\"elementor-column-wrap elementor-element-populated\">\n\t\t\t\t\t\t\t<div class=\"elementor-widget-wrap\">\n\t\t\t\t\t\t<div class=\"elementor-element elementor-element-c9e33b7 elementor-widget elementor-widget-spacer\" data-id=\"c9e33b7\" data-element_type=\"widget\" data-widget_type=\"spacer.default\">\n\t\t\t\t<div class=\"elementor-widget-container\">\n\t\t\t\t\t<div class=\"elementor-spacer\">\n\t\t\t<div class=\"elementor-spacer-inner\"><\/div>\n\t\t<\/div>\n\t\t\t\t<\/div>\n\t\t\t\t<\/div>\n\t\t\t\t\t\t<\/div>\n\t\t\t\t\t<\/div>\n\t\t<\/div>\n\t\t\t\t\t\t\t\t<\/div>\n\t\t\t\t\t<\/div>\n\t\t<\/section>\n\t\t\t\t\t\t<\/div>\n\t\t\t\t\t\t<\/div>\n\t\t\t\t\t<\/div>","protected":false},"excerpt":{"rendered":"<p>Leistungen Folgende T\u00e4tigkeiten \u00fcben wir aus: &#8211;Jetzt Neu Solar &#8211; und Photovoltaikanalagen Reinigung -Montage Reparatur, Sanierung und Wartung von \u00d6l, Gas und Solaranlagen -Heizungswartung -Moderniesierung von Heizungsanlagen -Installation von W\u00e4rmepumpen -Installation von Sanit\u00e4r-,Heizungs-,Solar- und Photovoltaikanlagen -Badsanierung<\/p>","protected":false},"author":1,"featured_media":0,"parent":0,"menu_order":0,"comment_status":"closed","ping_status":"closed","template":"","meta":[],"_links":{"self":[{"href":"https:\/\/sanitaercoach.be\/fr\/wp-json\/wp\/v2\/pages\/75"}],"collection":[{"href":"https:\/\/sanitaercoach.be\/fr\/wp-json\/wp\/v2\/pages"}],"about":[{"href":"https:\/\/sanitaercoach.be\/fr\/wp-json\/wp\/v2\/types\/page"}],"author":[{"embeddable":true,"href":"https:\/\/sanitaercoach.be\/fr\/wp-json\/wp\/v2\/users\/1"}],"replies":[{"embeddable":true,"href":"https:\/\/sanitaercoach.be\/fr\/wp-json\/wp\/v2\/comments?post=75"}],"version-history":[{"count":111,"href":"https:\/\/sanitaercoach.be\/fr\/wp-json\/wp\/v2\/pages\/75\/revisions"}],"predecessor-version":[{"id":1868,"href":"https:\/\/sanitaercoach.be\/fr\/wp-json\/wp\/v2\/pages\/75\/revisions\/1868"}],"wp:attachment":[{"href":"https:\/\/sanitaercoach.be\/fr\/wp-json\/wp\/v2\/media?parent=75"}],"curies":[{"name":"wp","href":"https:\/\/api.w.org\/{rel}","templated":true}]}}