{"id":968,"date":"2020-11-18T19:09:30","date_gmt":"2020-11-18T18:09:30","guid":{"rendered":"http:\/\/sanitaercoach.be\/?page_id=968"},"modified":"2021-01-09T18:12:18","modified_gmt":"2021-01-09T17:12:18","slug":"pv-analagen","status":"publish","type":"page","link":"https:\/\/sanitaercoach.be\/fr\/pv-analagen\/","title":{"rendered":"Syst\u00e8me Photovolta\u00efque"},"content":{"rendered":"<div data-elementor-type=\"wp-page\" data-elementor-id=\"968\" class=\"elementor elementor-968\" data-elementor-settings=\"[]\">\n\t\t\t\t\t\t<div class=\"elementor-inner\">\n\t\t\t\t\t\t\t<div class=\"elementor-section-wrap\">\n\t\t\t\t\t\t\t<section class=\"elementor-section elementor-top-section elementor-element elementor-element-3ed6d59c elementor-section-boxed elementor-section-height-default elementor-section-height-default\" data-id=\"3ed6d59c\" data-element_type=\"section\">\n\t\t\t\t\t\t<div class=\"elementor-container elementor-column-gap-default\">\n\t\t\t\t\t\t\t<div class=\"elementor-row\">\n\t\t\t\t\t<div class=\"elementor-column elementor-col-100 elementor-top-column elementor-element elementor-element-38ee7cfe\" data-id=\"38ee7cfe\" data-element_type=\"column\">\n\t\t\t<div class=\"elementor-column-wrap elementor-element-populated\">\n\t\t\t\t\t\t\t<div class=\"elementor-widget-wrap\">\n\t\t\t\t\t\t<div class=\"elementor-element elementor-element-4c6e4c0a animated-slow elementor-widget elementor-widget-image\" data-id=\"4c6e4c0a\" data-element_type=\"widget\" data-settings=\"{&quot;_animation&quot;:&quot;none&quot;,&quot;_animation_delay&quot;:100}\" data-widget_type=\"image.default\">\n\t\t\t\t<div class=\"elementor-widget-container\">\n\t\t\t\t\t<div class=\"elementor-image\">\n\t\t\t\t\t\t\t\t\t\t<img src=\"https:\/\/sanitaercoach.be\/wp-content\/uploads\/elementor\/thumbs\/solar-cells-4518970_1920-ondy45wy58cdr4k1n6653l874x35m9d15bglby79vc.jpg\" title=\"solar-cells-4518970_1920\" alt=\"solar-cells-4518970_1920\" \/>\t\t\t\t\t\t\t\t\t\t\t<\/div>\n\t\t\t\t<\/div>\n\t\t\t\t<\/div>\n\t\t\t\t<div class=\"elementor-element elementor-element-409f0cd7 elementor-widget elementor-widget-heading\" data-id=\"409f0cd7\" data-element_type=\"widget\" data-widget_type=\"heading.default\">\n\t\t\t\t<div class=\"elementor-widget-container\">\n\t\t\t<h2 class=\"elementor-heading-title elementor-size-default\">Syst\u00e8me Photovolta\u00efque<\/h2>\t\t<\/div>\n\t\t\t\t<\/div>\n\t\t\t\t\t\t<\/div>\n\t\t\t\t\t<\/div>\n\t\t<\/div>\n\t\t\t\t\t\t\t\t<\/div>\n\t\t\t\t\t<\/div>\n\t\t<\/section>\n\t\t\t\t<section class=\"elementor-section elementor-top-section elementor-element elementor-element-5d937099 elementor-section-boxed elementor-section-height-default elementor-section-height-default\" data-id=\"5d937099\" data-element_type=\"section\">\n\t\t\t\t\t\t<div class=\"elementor-container elementor-column-gap-default\">\n\t\t\t\t\t\t\t<div class=\"elementor-row\">\n\t\t\t\t\t<div class=\"elementor-column elementor-col-100 elementor-top-column elementor-element elementor-element-455071dd\" data-id=\"455071dd\" data-element_type=\"column\" data-settings=\"{&quot;background_background&quot;:&quot;gradient&quot;}\">\n\t\t\t<div class=\"elementor-column-wrap elementor-element-populated\">\n\t\t\t\t\t\t\t<div class=\"elementor-widget-wrap\">\n\t\t\t\t\t\t<div class=\"elementor-element elementor-element-648049e6 elementor-widget elementor-widget-heading\" data-id=\"648049e6\" data-element_type=\"widget\" data-widget_type=\"heading.default\">\n\t\t\t\t<div class=\"elementor-widget-container\">\n\t\t\t<h2 class=\"elementor-heading-title elementor-size-default\"><span style=\"font-style: normal;\">Produisez votre propre \u00e9lectricit\u00e9 facilement et efficacement.<\/span>.<\/h2>\t\t<\/div>\n\t\t\t\t<\/div>\n\t\t\t\t<div class=\"elementor-element elementor-element-27348937 elementor-widget elementor-widget-text-editor\" data-id=\"27348937\" data-element_type=\"widget\" data-settings=\"{&quot;_animation&quot;:&quot;none&quot;}\" data-widget_type=\"text-editor.default\">\n\t\t\t\t<div class=\"elementor-widget-container\">\n\t\t\t\t\t<div class=\"elementor-text-editor elementor-clearfix\"><h2><b><span style=\"font-size: 18px; color: #ffffff;\">Contenu <\/span><span style=\"font-size: 18px; font-style: inherit; color: #ffffff;\">des conseils sur l'installation photovolta\u00efque<\/span><\/b><\/h2><ul><li style=\"font-size: 15px;\">Recherche d'emplacement<\/li><li style=\"font-size: 15px;\">Potentiel d'\u00e9conomies<\/li><li style=\"font-size: 15px;\">Les domaines d'application des \u00e9nergies renouvelables\u00a0<\/li><li style=\"font-size: 15px;\">Stockage d'\u00e9nergie appropri\u00e9\u00a0<\/li><\/ul><\/div>\n\t\t\t\t<\/div>\n\t\t\t\t<\/div>\n\t\t\t\t<div class=\"elementor-element elementor-element-fc143f7 elementor-widget elementor-widget-spacer\" data-id=\"fc143f7\" data-element_type=\"widget\" data-widget_type=\"spacer.default\">\n\t\t\t\t<div class=\"elementor-widget-container\">\n\t\t\t\t\t<div class=\"elementor-spacer\">\n\t\t\t<div class=\"elementor-spacer-inner\"><\/div>\n\t\t<\/div>\n\t\t\t\t<\/div>\n\t\t\t\t<\/div>\n\t\t\t\t<div class=\"elementor-element elementor-element-100ab293 elementor-widget elementor-widget-image\" data-id=\"100ab293\" data-element_type=\"widget\" data-widget_type=\"image.default\">\n\t\t\t\t<div class=\"elementor-widget-container\">\n\t\t\t\t\t<div class=\"elementor-image\">\n\t\t\t\t\t\t\t\t\t\t<img src=\"https:\/\/sanitaercoach.be\/wp-content\/uploads\/elementor\/thumbs\/solar-photovoltaic-2666106_1920-ondy53qowdsvuu972uv0bxvjmzhdxsdo2v2qre2xa4.jpg\" title=\"solar-photovoltaic-2666106_1920\" alt=\"solar-photovoltaic-2666106_1920\" \/>\t\t\t\t\t\t\t\t\t\t\t<\/div>\n\t\t\t\t<\/div>\n\t\t\t\t<\/div>\n\t\t\t\t<div class=\"elementor-element elementor-element-59dffffb elementor-widget elementor-widget-text-editor\" data-id=\"59dffffb\" data-element_type=\"widget\" data-settings=\"{&quot;_animation&quot;:&quot;none&quot;}\" data-widget_type=\"text-editor.default\">\n\t\t\t\t<div class=\"elementor-widget-container\">\n\t\t\t\t\t<div class=\"elementor-text-editor elementor-clearfix\"><h2 style=\"font-style: normal; margin-bottom: 20px; font-family: Roboto, sans-serif;\"><span style=\"font-weight: bold; font-size: 18px; color: #ffffff;\">-Nettoyage des syst\u00e8mes solaires et photovolta\u00efques<\/span><\/h2>\n<div>\n<p style=\"font-size: 15px; font-style: normal; margin-bottom: 1.6em; font-family: Roboto, sans-serif;\"><span style=\"font-size: 15px;\"><b>Y avez-vous d\u00e9j\u00e0 pens\u00e9 ?<\/b><\/span><\/p>\n<p style=\"font-size: 15px; font-style: normal; font-weight: 400; margin-bottom: 1.6em; font-family: Roboto, sans-serif;\"><span style=\"font-size: 15px;\">Vous obtenez jusqu'\u00e0 30% d'augmentation de rendement,\u00a0<\/span><\/p>\n<p style=\"font-size: 15px; font-style: normal; font-weight: 400; margin-bottom: 1.6em; font-family: Roboto, sans-serif;\"><\/p>\n\n<\/div><\/div>\n\t\t\t\t<\/div>\n\t\t\t\t<\/div>\n\t\t\t\t<div class=\"elementor-element elementor-element-3d21d5d elementor-widget elementor-widget-image\" data-id=\"3d21d5d\" data-element_type=\"widget\" data-widget_type=\"image.default\">\n\t\t\t\t<div class=\"elementor-widget-container\">\n\t\t\t\t\t<div class=\"elementor-image\">\n\t\t\t\t\t\t\t\t\t\t<img src=\"https:\/\/sanitaercoach.be\/wp-content\/uploads\/elementor\/thumbs\/tt-op50gbxn53ow1d3544oj5um4xmnya4orevpeb4diik.jpg\" title=\"tt\" alt=\"tt\" \/>\t\t\t\t\t\t\t\t\t\t\t<\/div>\n\t\t\t\t<\/div>\n\t\t\t\t<\/div>\n\t\t\t\t\t\t<\/div>\n\t\t\t\t\t<\/div>\n\t\t<\/div>\n\t\t\t\t\t\t\t\t<\/div>\n\t\t\t\t\t<\/div>\n\t\t<\/section>\n\t\t\t\t<section class=\"elementor-section elementor-top-section elementor-element elementor-element-61c87b3 elementor-section-boxed elementor-section-height-default elementor-section-height-default\" data-id=\"61c87b3\" data-element_type=\"section\">\n\t\t\t\t\t\t<div class=\"elementor-container elementor-column-gap-default\">\n\t\t\t\t\t\t\t<div class=\"elementor-row\">\n\t\t\t\t\t<div class=\"elementor-column elementor-col-100 elementor-top-column elementor-element elementor-element-36f790cd\" data-id=\"36f790cd\" data-element_type=\"column\">\n\t\t\t<div class=\"elementor-column-wrap elementor-element-populated\">\n\t\t\t\t\t\t\t<div class=\"elementor-widget-wrap\">\n\t\t\t\t\t\t<div class=\"elementor-element elementor-element-18214fef elementor-widget elementor-widget-spacer\" data-id=\"18214fef\" data-element_type=\"widget\" data-widget_type=\"spacer.default\">\n\t\t\t\t<div class=\"elementor-widget-container\">\n\t\t\t\t\t<div class=\"elementor-spacer\">\n\t\t\t<div class=\"elementor-spacer-inner\"><\/div>\n\t\t<\/div>\n\t\t\t\t<\/div>\n\t\t\t\t<\/div>\n\t\t\t\t\t\t<\/div>\n\t\t\t\t\t<\/div>\n\t\t<\/div>\n\t\t\t\t\t\t\t\t<\/div>\n\t\t\t\t\t<\/div>\n\t\t<\/section>\n\t\t\t\t<section class=\"elementor-section elementor-top-section elementor-element elementor-element-242529db elementor-section-boxed elementor-section-height-default elementor-section-height-default\" data-id=\"242529db\" data-element_type=\"section\">\n\t\t\t\t\t\t<div class=\"elementor-container elementor-column-gap-default\">\n\t\t\t\t\t\t\t<div class=\"elementor-row\">\n\t\t\t\t\t<div class=\"elementor-column elementor-col-100 elementor-top-column elementor-element elementor-element-38ecbb90\" data-id=\"38ecbb90\" data-element_type=\"column\">\n\t\t\t<div class=\"elementor-column-wrap elementor-element-populated\">\n\t\t\t\t\t\t\t<div class=\"elementor-widget-wrap\">\n\t\t\t\t\t\t<div class=\"elementor-element elementor-element-17765a3 elementor-widget elementor-widget-text-editor\" data-id=\"17765a3\" data-element_type=\"widget\" data-widget_type=\"text-editor.default\">\n\t\t\t\t<div class=\"elementor-widget-container\">\n\t\t\t\t\t<div class=\"elementor-text-editor elementor-clearfix\"><p style=\"font-size: 15px; font-style: normal; font-weight: 400; margin-bottom: 1.6em;\"><span style=\"font-size: 15px;\">avec un&nbsp;<\/span><span style=\"font-size: 15px;\">nettoyage professionnel&nbsp;<\/span><span style=\"font-size: 15px;\">de vos modules.<\/span><\/p><\/div>\n\t\t\t\t<\/div>\n\t\t\t\t<\/div>\n\t\t\t\t\t\t<\/div>\n\t\t\t\t\t<\/div>\n\t\t<\/div>\n\t\t\t\t\t\t\t\t<\/div>\n\t\t\t\t\t<\/div>\n\t\t<\/section>\n\t\t\t\t<section class=\"elementor-section elementor-top-section elementor-element elementor-element-c68e1b9 elementor-section-boxed elementor-section-height-default elementor-section-height-default\" data-id=\"c68e1b9\" data-element_type=\"section\">\n\t\t\t\t\t\t<div class=\"elementor-container elementor-column-gap-default\">\n\t\t\t\t\t\t\t<div class=\"elementor-row\">\n\t\t\t\t\t<div class=\"elementor-column elementor-col-50 elementor-top-column elementor-element elementor-element-1699dff\" data-id=\"1699dff\" data-element_type=\"column\">\n\t\t\t<div class=\"elementor-column-wrap\">\n\t\t\t\t\t\t\t<div class=\"elementor-widget-wrap\">\n\t\t\t\t\t\t\t\t<\/div>\n\t\t\t\t\t<\/div>\n\t\t<\/div>\n\t\t\t\t<div class=\"elementor-column elementor-col-50 elementor-top-column elementor-element elementor-element-c13bba2\" data-id=\"c13bba2\" data-element_type=\"column\">\n\t\t\t<div class=\"elementor-column-wrap\">\n\t\t\t\t\t\t\t<div class=\"elementor-widget-wrap\">\n\t\t\t\t\t\t\t\t<\/div>\n\t\t\t\t\t<\/div>\n\t\t<\/div>\n\t\t\t\t\t\t\t\t<\/div>\n\t\t\t\t\t<\/div>\n\t\t<\/section>\n\t\t\t\t\t\t<\/div>\n\t\t\t\t\t\t<\/div>\n\t\t\t\t\t<\/div>","protected":false},"excerpt":{"rendered":"<p>PV Anlagen Einfach und effizient ihren eigenen Strom produzieren.\u200b. Inhalte der PV Anlagen Beratung Standortsuche Einsparungspotenziale Die Einsatzbereiche erneuerbarer Energien\u00a0 Passenden Stromspeicher\u00a0 Solar- und Photovoltaikanlagen Reinigung Schon mal daran gedacht? Sie erzielen bis zu 30% Ertragssteigerung,\u00a0 durch&nbsp;professionelle Reinigung&nbsp;ihrer Module.<\/p>","protected":false},"author":1,"featured_media":0,"parent":0,"menu_order":0,"comment_status":"closed","ping_status":"closed","template":"elementor_header_footer","meta":[],"_links":{"self":[{"href":"https:\/\/sanitaercoach.be\/fr\/wp-json\/wp\/v2\/pages\/968"}],"collection":[{"href":"https:\/\/sanitaercoach.be\/fr\/wp-json\/wp\/v2\/pages"}],"about":[{"href":"https:\/\/sanitaercoach.be\/fr\/wp-json\/wp\/v2\/types\/page"}],"author":[{"embeddable":true,"href":"https:\/\/sanitaercoach.be\/fr\/wp-json\/wp\/v2\/users\/1"}],"replies":[{"embeddable":true,"href":"https:\/\/sanitaercoach.be\/fr\/wp-json\/wp\/v2\/comments?post=968"}],"version-history":[{"count":15,"href":"https:\/\/sanitaercoach.be\/fr\/wp-json\/wp\/v2\/pages\/968\/revisions"}],"predecessor-version":[{"id":1760,"href":"https:\/\/sanitaercoach.be\/fr\/wp-json\/wp\/v2\/pages\/968\/revisions\/1760"}],"wp:attachment":[{"href":"https:\/\/sanitaercoach.be\/fr\/wp-json\/wp\/v2\/media?parent=968"}],"curies":[{"name":"wp","href":"https:\/\/api.w.org\/{rel}","templated":true}]}}